{"id":168,"date":"2020-03-11T12:32:02","date_gmt":"2020-03-11T11:32:02","guid":{"rendered":"https:\/\/www.arnoldlicht.de?page_id=168"},"modified":"2026-01-19T12:24:36","modified_gmt":"2026-01-19T11:24:36","slug":"agb","status":"publish","type":"page","link":"https:\/\/www.arnoldlicht.de\/en\/agb\/","title":{"rendered":"Conditions"},"content":{"rendered":"<p align=\"center\"><strong>Gesch\u00e4ftsbedingungen der Fa. ARNOLD Lichttechnik, Kohren-Sahlis<\/strong><strong>\u00a0\u00a0<\/strong><\/p>\n<p align=\"center\"><strong>I.Allgemeines\u00a0<\/strong><\/p>\n<p><strong>1.<\/strong>\u00a0\u00a0\u00a0\u00a0 Gesch\u00e4ftsbedingungen des Kunden finden keine Anwendung. Verein\u00adbarungen, die von diesen Gesch\u00e4ftsbedingungen abweichen oder Er\u00adg\u00e4nzungen dazu enthalten, bed\u00fcrfen zu ihrer Wirksamkeit unserer schriftlichen Best\u00e4tigung.<\/p>\n<p><strong>2.<\/strong>\u00a0\u00a0\u00a0\u00a0 Unsere Angebote sind unverbindlich und freibleibend. Vertr\u00e4ge werden mit Zusendung unserer schriftlichen Auftragsbest\u00e4tigung, sp\u00e4testens F\u00fcr s\u00e4mtliche Vertragsbeziehungen gelten ausschlie\u00dflich diese Ge\u00adsch\u00e4ftsbedingungen der Fa. ARNOLD Lichttechnik. Formularm\u00e4\u00dfige mit Erbringung der Leistung rechtswirksam.<\/p>\n<p>Technische Verbesserungen oder Anpassungen an den jeweils gelten\u00adden technischen und gestalterischen Standard behalten wir uns auch nach Auftragsbest\u00e4tigung vor, soweit dies f\u00fcr den Kunden zumutbar ist.<\/p>\n<p>An Kostenanschl\u00e4gen, Zeichnungen, Entw\u00fcrfen, Entwurfsplanungen und anderen Unterlagen beh\u00e4lt sich die Firma ARNOLD Lichttechnik Eigentums- und Urheberrechte vor. Sie d\u00fcrfen Dritten nicht ohne schriftliche Genehmigung der Firma ARNOLD Lichttechnik zug\u00e4ng\u00adlich gemacht werden.<\/p>\n<p><strong>3.<\/strong>\u00a0\u00a0\u00a0\u00a0 Es gelten die am Tage des Vertragsabschlusses g\u00fcltigen Preise in Euro\u00a0 zzgl. gesetzlicher Mehrwertsteuer ab Lager Kohren-Sahlis.<\/p>\n<p><strong>4.<\/strong>\u00a0\u00a0\u00a0\u00a0 Liefer- bzw. Ausf\u00fchrungstermine sind nur dann verbindlich, wenn sie ausdr\u00fccklich als verbindlich schriftlich vereinbart werden.<\/p>\n<p><strong>5.<\/strong>\u00a0\u00a0\u00a0\u00a0 Lieferungen und Leistungen werden gegen Nachnahme oder Barzah\u00adlung, im Zweifel ab Lager Kohren-Sahlis erbracht. Wir sind zu Teillei\u00adstungen berechtigt, es sei denn, sie sind dem Kunden nicht zumut\u00adbar\/f\u00fcr ihn ohne Interesse.<br \/>\nUnsere Rechnungen sind mit Rechnungslegung sofort zahlbar. Wir sind berechtigt, Teilrechnungen zu legen.<\/p>\n<p>Im Falle des Verzuges berechnen wir Zinsen in H\u00f6he von 3 % \u00fcber den jeweils geltenden Diskontsatz der Deutschen Bundesbank; au\u00dferdem sind wir zur Zur\u00fcckhaltung unserer Leistung &#8211; auch aus anderen Ver\u00adtr\u00e4gen &#8211; berechtigt. Weiterhin k\u00f6nnen wir alle offen stehende &#8211; auch gestundete Rechnungsbetr\u00e4ge &#8211; sofort gegen Barzahlung f\u00e4llig stellen oder Sicherheitsleistung verlangen. Die Geltendmachung weiteren Ver\u00adzugschadens bleibt vorbehalten.<\/p>\n<p><strong>6.<\/strong>\u00a0\u00a0\u00a0\u00a0 Gegen unsere Anspr\u00fcche kann nur mit Gegenforderungen aufgerechnet werden, die von uns nicht bestritten sind oder f\u00fcr die ein rechtskr\u00e4ftiger Titel vorliegt.<\/p>\n<p><strong>7.<\/strong>\u00a0\u00a0\u00a0\u00a0 Der Kunde hat Leistungen sofort auf Transport- und andere Sch\u00e4den bzw. M\u00e4ngel zu untersuchen und solche uns &#8211; und bei Einschaltung ei\u00adnes Transporteurs auch diesem &#8211; unverz\u00fcglich am selben Tag schriftlich anzuzeigen. Soweit dem Kunden von uns ein Lieferschein vorgelegt wird, sind die Beanstandungen auf diesem zu vermerken. Sp\u00e4tere Bean\u00adstandungen sind ausgeschlossen. Verborgene M\u00e4ngel m\u00fcssen unver\u00adz\u00fcglich nach der Entdeckung schriftlich angezeigt werden.<\/p>\n<p>Bei berechtigter fristgerechter M\u00e4ngelr\u00fcge erh\u00e4lt der Kunde zun\u00e4chst Nachbesserung. Dar\u00fcber hinausgehende Gew\u00e4hrleistungsrechte stehen dem Kunden erst nach der dritten fehlgeschlagenen Nachbesserung<br \/>\nzu.<\/p>\n<p>Die Gew\u00e4hrleistung entf\u00e4llt, sobald der Kunde oder Dritte\u00a0 M\u00e4ngelbe\u00adseitigungsma\u00dfnahmen vornehmen.<\/p>\n<p><strong>8.<\/strong>\u00a0\u00a0\u00a0\u00a0 Schadensersatz kann der Kunde nur bei Vorsatz und grober Fahrl\u00e4ssig\u00adkeit verlangen.<strong>\u00a0\u00a0<\/strong><\/p>\n<p align=\"center\"><strong>II. <\/strong><\/p>\n<p align=\"center\"><strong>Verkaufsbedingungen<\/strong><\/p>\n<p><strong>1.<\/strong>\u00a0\u00a0\u00a0\u00a0 Mit \u00dcbergabe der Ware an den Transporteur geht die Gefahr auf den Kunden \u00fcber.<\/p>\n<p>Liefertermine beziehen sich auf den Zeitpunkt der Absendung ab Lager Kohren-Sahlis.<\/p>\n<p><strong>2.<\/strong>\u00a0\u00a0\u00a0\u00a0 R\u00fccksendungen sind sorgf\u00e4ltig zu verpacken und frachtfrei an uns zu senden. F\u00fcr Transportsch\u00e4den haftet der Kunde.<\/p>\n<p><strong>3.<\/strong>\u00a0\u00a0\u00a0\u00a0 Die von uns gelieferte Ware bleibt bis zur vollst\u00e4ndigen Bezahlung aller unserer gegenw\u00e4rtigen und k\u00fcnftigen Forderungen gegen den Kunden unser Eigentum. Bei Weiterverarbeitung werden wir unter Ausschluss des \u00a7 950 BGB Eigent\u00fcmer der neu hergestellten Sache.<\/p>\n<p><strong>3.1<\/strong>\u00a0\u00a0\u00a0\u00a0\u00a0\u00a0 Der Kunde darf die von uns gelieferte, in unserem Eigentum ste\u00adhende Ware nur im ordnungsgem\u00e4\u00dfen Gesch\u00e4ftsgang und, solange er nicht in Verzug ist, weiterver\u00e4u\u00dfern. Die Forderungen aus dem Erl\u00f6s der Vorbehaltsware werden hiermit an uns im Voraus abgetre\u00adten. Der Kunde hat auf unser Verlangen, die Schuldner der abgetre\u00adtenen Forderung zu nennen und dem Schuldner die Abtretung mit\u00adzuteilen. Wir sind jederzeit berechtigt, Abtretungen offen zu legen.<\/p>\n<p>Verpf\u00e4ndungen und Sicherungs\u00fcbereignungen der Ware sind nicht zul\u00e4ssig. Der Kunde hat die Ware pfleglich zu behandeln, aus\u00adschlie\u00dflich bestimmungsgem\u00e4\u00df zu nutzen, zu warten, sachgem\u00e4\u00df zu lagern und ordnungsgem\u00e4\u00df zu versichern. Entstandene Sch\u00e4den, die nicht auf normaler Abnutzung beruhen, gehen zu Lasten des Kun\u00adden. Diebstahl, Pf\u00e4ndung oder Besch\u00e4digung sind uns unverz\u00fcglich schriftlich anzuzeigen. Pf\u00e4ndungsgl\u00e4ubiger sind auf unsere Rechte hinzuweisen. Der Kunde hat die, wegen versp\u00e4teter oder unterblie\u00adbener Anzeige sowie die uns durch die Abwendung des Zugriffs Dritter auf unser Eigentum entstandenen Kosten bzw. Sch\u00e4den zu tragen.<\/p>\n<p><strong>3.2<\/strong>\u00a0\u00a0\u00a0\u00a0\u00a0\u00a0 \u00dcbersteigt der Wert der bestehenden Sicherheiten unsere Gesamtfor\u00adderungen an den Kunden um mehr als 20 %, so sind wir verpflichtet, auf Verlangen des Kunden Sicherheiten unserer Wahl insoweit frei\u00adzugeben.<\/p>\n<p align=\"center\"><strong>III.<\/strong><\/p>\n<p align=\"center\"><strong>Werk-\/Werklieferungsvertrag<\/strong><\/p>\n<p><strong>1.<\/strong>\u00a0\u00a0\u00a0\u00a0 F\u00fcr Montageleistungen gelten die Festlegungen der VOB in der jeweils aktuellen Fassung.<\/p>\n<p><strong>2.<\/strong>\u00a0\u00a0\u00a0\u00a0 Ziff. II Nr. 3. bis 3.2 gelten entsprechend.<strong>\u00a0\u00a0<\/strong><\/p>\n<p align=\"center\"><strong>IV.<\/strong><\/p>\n<p align=\"center\"><strong>Mietbedingungen<\/strong><\/p>\n<p><strong>1.<\/strong>\u00a0\u00a0\u00a0\u00a0 Zerst\u00f6rte oder abhanden gekommene Gegenst\u00e4nde werden dem Kunden zum Tagespreis in Rechnung gestellt. Lampen bzw. Leuchtmittel, die durch Abnutzung nach vertragsgem\u00e4\u00dfer Nutzung defekt geworden sind, sind vom Kunden nur dann nicht zu ersetzen, wenn die defekten Lam\u00adpen bzw. Leuchtmittel an uns zur\u00fcckgegeben werden.<\/p>\n<p><strong>2.<\/strong>\u00a0\u00a0\u00a0\u00a0 Es gelten die in unserer Preisliste angegebenen Mietpreise pro Tag zzgl. der jeweils g\u00fcltigen gesetzlichen Mehrwertsteuer.<\/p>\n<p>Die Mietzeit errechnet sich von dem Tage an, an dem wir die Ger\u00e4te von unserem Lager ausgeben bzw. liefern bis zum Tage der R\u00fcckliefe\u00adrung in das Lager, ohne R\u00fccksicht auf die tats\u00e4chliche Benutzung der Mietgegenst\u00e4nde. Sonntage und gesetzliche Feiertage innerhalb der Mietzeit werden voll berechnet.<\/p>\n<p><strong>3.<\/strong>\u00a0\u00a0\u00a0\u00a0 Ziff. II Nr. 3.1 gilt entsprechend.<strong>\u00a0\u00a0<\/strong><\/p>\n<p align=\"center\"><strong>V. <\/strong><\/p>\n<p align=\"center\"><strong>Schlussbestimmungen<\/strong><\/p>\n<p><strong>1.<\/strong>\u00a0\u00a0\u00a0\u00a0 Erf\u00fcllungsort und Gerichtsstand ist Kohren-Sahlis, soweit gesetzlich zul\u00e4ssig. Es gilt das Recht der Bundesrepublik Deutschland.<\/p>\n<p><strong>2.<\/strong>\u00a0\u00a0\u00a0\u00a0 Sollten einzelne Bestimmungen dieser allgemeinen Gesch\u00e4ftsbedin\u00adgungen ganz oder teilweise unwirksam sein, so bleiben diese Bedin\u00adgungen im \u00fcbrigen voll wirksam. Die Parteien sind sich bereits jetzt dar\u00fcber einig, dass die unwirksame Bestimmung durch eine wirksame Regelung ersetzt wird, die dem, mit der unwirksamen Regelung ange\u00adstrebten wirtschaftlichen Zweck am n\u00e4chsten kommt.<\/p>\n<p>Kohren-Sahlis, September 2009<\/p>\n","protected":false},"excerpt":{"rendered":"<p>Gesch\u00e4ftsbedingungen der Fa. ARNOLD Lichttechnik, Kohren-Sahlis\u00a0\u00a0 I.Allgemeines\u00a0 1.\u00a0\u00a0\u00a0\u00a0 Gesch\u00e4ftsbedingungen des Kunden finden keine Anwendung. Verein\u00adbarungen, die von diesen Gesch\u00e4ftsbedingungen abweichen oder Er\u00adg\u00e4nzungen dazu enthalten, bed\u00fcrfen zu ihrer Wirksamkeit unserer schriftlichen Best\u00e4tigung. 2.\u00a0\u00a0\u00a0\u00a0 Unsere Angebote sind unverbindlich und freibleibend. Vertr\u00e4ge werden mit Zusendung unserer schriftlichen Auftragsbest\u00e4tigung, sp\u00e4testens F\u00fcr s\u00e4mtliche Vertragsbeziehungen gelten ausschlie\u00dflich diese Ge\u00adsch\u00e4ftsbedingungen der Fa. [&hellip;]<\/p>\n","protected":false},"author":1,"featured_media":137,"parent":0,"menu_order":998,"comment_status":"closed","ping_status":"closed","template":"left-sidebar.php","meta":{"_acf_changed":false,"footnotes":""},"class_list":["post-168","page","type-page","status-publish","has-post-thumbnail","hentry"],"acf":[],"yoast_head":"<!-- This site is optimized with the Yoast SEO plugin v27.3 - https:\/\/yoast.com\/product\/yoast-seo-wordpress\/ -->\n<title>Conditions - Arnold Lichttechnik<\/title>\n<meta name=\"robots\" content=\"index, follow, max-snippet:-1, max-image-preview:large, max-video-preview:-1\" \/>\n<link rel=\"canonical\" href=\"https:\/\/www.arnoldlicht.de\/en\/agb\/\" \/>\n<meta property=\"og:locale\" content=\"en_US\" \/>\n<meta property=\"og:type\" content=\"article\" \/>\n<meta property=\"og:title\" content=\"Conditions - Arnold Lichttechnik\" \/>\n<meta property=\"og:description\" content=\"Gesch\u00e4ftsbedingungen der Fa. ARNOLD Lichttechnik, Kohren-Sahlis\u00a0\u00a0 I.Allgemeines\u00a0 1.\u00a0\u00a0\u00a0\u00a0 Gesch\u00e4ftsbedingungen des Kunden finden keine Anwendung. Verein\u00adbarungen, die von diesen Gesch\u00e4ftsbedingungen abweichen oder Er\u00adg\u00e4nzungen dazu enthalten, bed\u00fcrfen zu ihrer Wirksamkeit unserer schriftlichen Best\u00e4tigung. 2.\u00a0\u00a0\u00a0\u00a0 Unsere Angebote sind unverbindlich und freibleibend. Vertr\u00e4ge werden mit Zusendung unserer schriftlichen Auftragsbest\u00e4tigung, sp\u00e4testens F\u00fcr s\u00e4mtliche Vertragsbeziehungen gelten ausschlie\u00dflich diese Ge\u00adsch\u00e4ftsbedingungen der Fa. [&hellip;]\" \/>\n<meta property=\"og:url\" content=\"https:\/\/www.arnoldlicht.de\/en\/agb\/\" \/>\n<meta property=\"og:site_name\" content=\"Arnold Lichttechnik\" \/>\n<meta property=\"article:modified_time\" content=\"2026-01-19T11:24:36+00:00\" \/>\n<meta property=\"og:image\" content=\"https:\/\/www.arnoldlicht.de\/wg_inhalte\/uploads\/slide_01.jpg\" \/>\n\t<meta property=\"og:image:width\" content=\"856\" \/>\n\t<meta property=\"og:image:height\" content=\"342\" \/>\n\t<meta property=\"og:image:type\" content=\"image\/jpeg\" \/>\n<meta name=\"twitter:card\" content=\"summary_large_image\" \/>\n<meta name=\"twitter:label1\" content=\"Est. reading time\" \/>\n\t<meta name=\"twitter:data1\" content=\"5 minutes\" \/>\n<script type=\"application\/ld+json\" class=\"yoast-schema-graph\">{\"@context\":\"https:\\\/\\\/schema.org\",\"@graph\":[{\"@type\":\"WebPage\",\"@id\":\"https:\\\/\\\/www.arnoldlicht.de\\\/en\\\/agb\\\/\",\"url\":\"https:\\\/\\\/www.arnoldlicht.de\\\/en\\\/agb\\\/\",\"name\":\"Conditions - Arnold Lichttechnik\",\"isPartOf\":{\"@id\":\"https:\\\/\\\/www.arnoldlicht.de\\\/en\\\/#website\"},\"primaryImageOfPage\":{\"@id\":\"https:\\\/\\\/www.arnoldlicht.de\\\/en\\\/agb\\\/#primaryimage\"},\"image\":{\"@id\":\"https:\\\/\\\/www.arnoldlicht.de\\\/en\\\/agb\\\/#primaryimage\"},\"thumbnailUrl\":\"https:\\\/\\\/www.arnoldlicht.de\\\/wg_inhalte\\\/uploads\\\/slide_01.jpg\",\"datePublished\":\"2020-03-11T11:32:02+00:00\",\"dateModified\":\"2026-01-19T11:24:36+00:00\",\"breadcrumb\":{\"@id\":\"https:\\\/\\\/www.arnoldlicht.de\\\/en\\\/agb\\\/#breadcrumb\"},\"inLanguage\":\"en-US\",\"potentialAction\":[{\"@type\":\"ReadAction\",\"target\":[\"https:\\\/\\\/www.arnoldlicht.de\\\/en\\\/agb\\\/\"]}]},{\"@type\":\"ImageObject\",\"inLanguage\":\"en-US\",\"@id\":\"https:\\\/\\\/www.arnoldlicht.de\\\/en\\\/agb\\\/#primaryimage\",\"url\":\"https:\\\/\\\/www.arnoldlicht.de\\\/wg_inhalte\\\/uploads\\\/slide_01.jpg\",\"contentUrl\":\"https:\\\/\\\/www.arnoldlicht.de\\\/wg_inhalte\\\/uploads\\\/slide_01.jpg\",\"width\":856,\"height\":342},{\"@type\":\"BreadcrumbList\",\"@id\":\"https:\\\/\\\/www.arnoldlicht.de\\\/en\\\/agb\\\/#breadcrumb\",\"itemListElement\":[{\"@type\":\"ListItem\",\"position\":1,\"name\":\"Home\",\"item\":\"https:\\\/\\\/www.arnoldlicht.de\\\/en\\\/\"},{\"@type\":\"ListItem\",\"position\":2,\"name\":\"Conditions\"}]},{\"@type\":\"WebSite\",\"@id\":\"https:\\\/\\\/www.arnoldlicht.de\\\/en\\\/#website\",\"url\":\"https:\\\/\\\/www.arnoldlicht.de\\\/en\\\/\",\"name\":\"Arnold Lichttechnik\",\"description\":\"Eine weitere WordPress-Website\",\"potentialAction\":[{\"@type\":\"SearchAction\",\"target\":{\"@type\":\"EntryPoint\",\"urlTemplate\":\"https:\\\/\\\/www.arnoldlicht.de\\\/en\\\/?s={search_term_string}\"},\"query-input\":{\"@type\":\"PropertyValueSpecification\",\"valueRequired\":true,\"valueName\":\"search_term_string\"}}],\"inLanguage\":\"en-US\"}]}<\/script>\n<!-- \/ Yoast SEO plugin. -->","yoast_head_json":{"title":"Conditions - Arnold Lichttechnik","robots":{"index":"index","follow":"follow","max-snippet":"max-snippet:-1","max-image-preview":"max-image-preview:large","max-video-preview":"max-video-preview:-1"},"canonical":"https:\/\/www.arnoldlicht.de\/en\/agb\/","og_locale":"en_US","og_type":"article","og_title":"Conditions - Arnold Lichttechnik","og_description":"Gesch\u00e4ftsbedingungen der Fa. ARNOLD Lichttechnik, Kohren-Sahlis\u00a0\u00a0 I.Allgemeines\u00a0 1.\u00a0\u00a0\u00a0\u00a0 Gesch\u00e4ftsbedingungen des Kunden finden keine Anwendung. Verein\u00adbarungen, die von diesen Gesch\u00e4ftsbedingungen abweichen oder Er\u00adg\u00e4nzungen dazu enthalten, bed\u00fcrfen zu ihrer Wirksamkeit unserer schriftlichen Best\u00e4tigung. 2.\u00a0\u00a0\u00a0\u00a0 Unsere Angebote sind unverbindlich und freibleibend. Vertr\u00e4ge werden mit Zusendung unserer schriftlichen Auftragsbest\u00e4tigung, sp\u00e4testens F\u00fcr s\u00e4mtliche Vertragsbeziehungen gelten ausschlie\u00dflich diese Ge\u00adsch\u00e4ftsbedingungen der Fa. [&hellip;]","og_url":"https:\/\/www.arnoldlicht.de\/en\/agb\/","og_site_name":"Arnold Lichttechnik","article_modified_time":"2026-01-19T11:24:36+00:00","og_image":[{"width":856,"height":342,"url":"https:\/\/www.arnoldlicht.de\/wg_inhalte\/uploads\/slide_01.jpg","type":"image\/jpeg"}],"twitter_card":"summary_large_image","twitter_misc":{"Est. reading time":"5 minutes"},"schema":{"@context":"https:\/\/schema.org","@graph":[{"@type":"WebPage","@id":"https:\/\/www.arnoldlicht.de\/en\/agb\/","url":"https:\/\/www.arnoldlicht.de\/en\/agb\/","name":"Conditions - Arnold Lichttechnik","isPartOf":{"@id":"https:\/\/www.arnoldlicht.de\/en\/#website"},"primaryImageOfPage":{"@id":"https:\/\/www.arnoldlicht.de\/en\/agb\/#primaryimage"},"image":{"@id":"https:\/\/www.arnoldlicht.de\/en\/agb\/#primaryimage"},"thumbnailUrl":"https:\/\/www.arnoldlicht.de\/wg_inhalte\/uploads\/slide_01.jpg","datePublished":"2020-03-11T11:32:02+00:00","dateModified":"2026-01-19T11:24:36+00:00","breadcrumb":{"@id":"https:\/\/www.arnoldlicht.de\/en\/agb\/#breadcrumb"},"inLanguage":"en-US","potentialAction":[{"@type":"ReadAction","target":["https:\/\/www.arnoldlicht.de\/en\/agb\/"]}]},{"@type":"ImageObject","inLanguage":"en-US","@id":"https:\/\/www.arnoldlicht.de\/en\/agb\/#primaryimage","url":"https:\/\/www.arnoldlicht.de\/wg_inhalte\/uploads\/slide_01.jpg","contentUrl":"https:\/\/www.arnoldlicht.de\/wg_inhalte\/uploads\/slide_01.jpg","width":856,"height":342},{"@type":"BreadcrumbList","@id":"https:\/\/www.arnoldlicht.de\/en\/agb\/#breadcrumb","itemListElement":[{"@type":"ListItem","position":1,"name":"Home","item":"https:\/\/www.arnoldlicht.de\/en\/"},{"@type":"ListItem","position":2,"name":"Conditions"}]},{"@type":"WebSite","@id":"https:\/\/www.arnoldlicht.de\/en\/#website","url":"https:\/\/www.arnoldlicht.de\/en\/","name":"Arnold Lichttechnik","description":"Eine weitere WordPress-Website","potentialAction":[{"@type":"SearchAction","target":{"@type":"EntryPoint","urlTemplate":"https:\/\/www.arnoldlicht.de\/en\/?s={search_term_string}"},"query-input":{"@type":"PropertyValueSpecification","valueRequired":true,"valueName":"search_term_string"}}],"inLanguage":"en-US"}]}},"_links":{"self":[{"href":"https:\/\/www.arnoldlicht.de\/en\/wp-json\/wp\/v2\/pages\/168","targetHints":{"allow":["GET"]}}],"collection":[{"href":"https:\/\/www.arnoldlicht.de\/en\/wp-json\/wp\/v2\/pages"}],"about":[{"href":"https:\/\/www.arnoldlicht.de\/en\/wp-json\/wp\/v2\/types\/page"}],"author":[{"embeddable":true,"href":"https:\/\/www.arnoldlicht.de\/en\/wp-json\/wp\/v2\/users\/1"}],"replies":[{"embeddable":true,"href":"https:\/\/www.arnoldlicht.de\/en\/wp-json\/wp\/v2\/comments?post=168"}],"version-history":[{"count":5,"href":"https:\/\/www.arnoldlicht.de\/en\/wp-json\/wp\/v2\/pages\/168\/revisions"}],"predecessor-version":[{"id":1663,"href":"https:\/\/www.arnoldlicht.de\/en\/wp-json\/wp\/v2\/pages\/168\/revisions\/1663"}],"wp:featuredmedia":[{"embeddable":true,"href":"https:\/\/www.arnoldlicht.de\/en\/wp-json\/wp\/v2\/media\/137"}],"wp:attachment":[{"href":"https:\/\/www.arnoldlicht.de\/en\/wp-json\/wp\/v2\/media?parent=168"}],"curies":[{"name":"wp","href":"https:\/\/api.w.org\/{rel}","templated":true}]}}