{"id":1686,"date":"2026-03-09T14:32:01","date_gmt":"2026-03-09T13:32:01","guid":{"rendered":"https:\/\/www.arnoldlicht.de\/references\/"},"modified":"2026-03-09T14:32:01","modified_gmt":"2026-03-09T13:32:01","slug":"references","status":"publish","type":"page","link":"https:\/\/www.arnoldlicht.de\/en\/references\/","title":{"rendered":"References"},"content":{"rendered":"<p>Since the company was founded, we have already realized many projects, developed products and created special solutions. Here is a selection without any claim to completeness. (in alphabetical order)  <\/p>\n<p>ALSTOM Deutschland, Salzgitter<br \/>\nAltenburg-Gera Theater GmbH, Gera<br \/>\nAmptown GmbH, Hamburg<br \/>\nAnhaltisches Theater, Dessau<br \/>\nAuerbachs Keller Leipzig GmbH<br \/>\nAutostadt GmbH, Wolfsburg<br \/>\nBayerische Staatsoper, M\u00fcnchen<br \/>\nBayerisches Staatsschauspiel, M\u00fcnchen<br \/>\nBayreuther Festspiele<br \/>\nBerliner Philharmoniker<br \/>\nBregenzer Festspiele GmbH, Bregenz (A)<br \/>\nB\u00fchnen der Stadt K\u00f6ln<br \/>\nBurgtheater, Wien (A)<br \/>\nCampushalle Flensburg<br \/>\nCuvillies-Theater, M\u00fcnchen<br \/>\nDeutsche Oper, Berlin<br \/>\nDeutsches Theater, Berlin<br \/>\nDFS Deutsche Flugsicherung, Langen<br \/>\nDr\u00e4ger Medical AG, L\u00fcbeck<br \/>\nE.T.A. Hoffmann-Theater, Bamberg<br \/>\nEhmki, Schmid &amp; Co. GmbH, Unterschlei\u00dfheim<br \/>\nElectric Claudio Merlo (CH)<br \/>\nElektrocenter Veszpr\u00e9m (HU)<br \/>\nEML Productions N.V., Boortmeerbeek (B)<br \/>\nErich Keller AG (CH)<br \/>\nFestspielhaus Hellerau<br \/>\nFinnische Nationaloper Helsinki (FIN)<br \/>\nFraunhofer Institut, St.Ingbert<br \/>\nFriedrichstadtpalast Berlin<br \/>\nFuji Lamp Tokio (JP)<br \/>\nGasteig M\u00fcnchen<br \/>\nGewandhaus Leipzig<br \/>\nGoldbeck Geb\u00e4udemanagement GmbH, Bielefeld<br \/>\nGraf-Zeppelin-Haus, Friedrichshafen<br \/>\nHamburgische Staatsoper GmbH, Hamburg<br \/>\nHans Otto Theater Potsdam<br \/>\nHighlite International BV, Kerkrade (NL)<br \/>\nHochschule f\u00fcr Musik und Theater M\u00fcnchen<br \/>\nKabarett &#8220;academixer&#8221;<br \/>\nKabarett Leipziger Pfefferm\u00fchle<br \/>\nKleine B\u00fchne Naumburg<br \/>\nKleines Theater im Zentrum Gera<br \/>\nKomische Oper Berlin<br \/>\nKonzerthaus, Berlin<br \/>\nKultur- und Kongresszentrum Luzern (CH)<br \/>\nLandestheater Linz (A)<br \/>\nLandestheater, Salzburg (A)<br \/>\nLeipziger Messe GmbH<br \/>\nLEUCHTEN GIGER AG (CH)<br \/>\nLicht Zentrale, Ansbach<br \/>\nLimelight Licht Ton Technik GmbH, M\u00fcnchen<br \/>\nLMP Lichttechnik, Ibbenb\u00fcren<br \/>\nlunatX special effects GmbH<br \/>\nMA Lighting Technology GmbH, Waldb\u00fcttelbrunn<br \/>\nMartin Professional A\/S, Aarhus (DK)<br \/>\nMax Schmeling Halle Berlin<br \/>\nMaxim-Gorki-Theater Berlin<br \/>\nMDR Mitteldeutscher Rundfunk, Leipzig<br \/>\nMedia City Atelier (MCA) Leipzig<br \/>\nMedia Consult International GmbH, Hamburg<br \/>\nM\u00fcnchner Kammerspiele<br \/>\nMusical Box Rent S.r.l. (I)<br \/>\nNationaltheater Mannheim<br \/>\nNationaltheater Tokio (JP)<br \/>\nO2 World Berlin<br \/>\nOlafur Eliasson, Berlin<br \/>\nOper Halle<br \/>\nOper Leipzig<br \/>\nOpernhaus Graz GmbH (A)<br \/>\nOpernhaus Z\u00fcrich (CH)<br \/>\nPhilharmonie Berlin<br \/>\nPhilips Lighting, Springe<br \/>\nPIK AG, Berlin<br \/>\nPRG AG, Hamburg<br \/>\nPrinzregenten-Theater, M\u00fcnchen<br \/>\nPRO VIDEO Handelsgesellschaft mbH, Berlin<br \/>\nPROSIEBENSAT.1, Berlin<br \/>\nRed Bull GmbH (A)<br \/>\nResolution X (AU)<br \/>\nRobert Bosch GmbH<br \/>\nS\u00e4chsische Staatsoper Semper Oper, Dresden<br \/>\nSAG Netz- und Energietechnik GmbH, N\u00fcrnberg<br \/>\nSalzburger Festspielhaus (A)<br \/>\nSAP Arena Mannheim<br \/>\nSATIS &amp; FY AG, Karben<br \/>\nSchauspielhaus Hamburg<br \/>\nSchauspielhaus Leipzig<br \/>\nSchauspielhaus Z\u00fcrich (CH)<br \/>\nSchleswig-Holsteinisches Landestheater und Sinfonieorchester<br \/>\nSIEMENS Building Technologies GmbH &amp; Co. oHG M\u00fcnchen<br \/>\nSiteco Beleuchtungstechnik GmbH, Traunreut<br \/>\nSonepar Deutschland, D\u00fcsseldorf<br \/>\nspek DESIGN, Stuttgart<br \/>\nStaatliches Bauamt, M\u00fcnchen<br \/>\nStaatsoperette Dresden<br \/>\nStaatsschauspiel Dresden<br \/>\nStaatstheater Kassel<br \/>\nStaatstheater Sttuttgart<br \/>\nStaatstheater Stuttgart<br \/>\nSt\u00e4dtische B\u00fchnen der Stadt K\u00f6ln<br \/>\nSt\u00e4dtische B\u00fchnen Freiburg<br \/>\nSt\u00e4dtischen B\u00fchnen, Frankfurt am Main<br \/>\nStadttheater Klagenfurt (A)<br \/>\nStagetec Mediagroup, Berlin<br \/>\nTanya Bonakdar Gallery, New York (USA)<br \/>\nTheater der Stadt Duisburg<br \/>\nTheater der Stadt Koblenz<br \/>\nTheater Erfurt<br \/>\nTheater G\u00f6rlitz<br \/>\nTheater Heidelberg<br \/>\nTheater Koblenz<br \/>\nTheater municipal Luxembourg (LU)<br \/>\nTheater Rostock<br \/>\nTheater Winterthur (CH)<br \/>\nTheaterbau Thalheim<br \/>\nTilla Theus und Partner AG (CH)<br \/>\nTim Attias, London (GB)<br \/>\nVelomax Berlin<br \/>\nVolkswagen-Arena Braunschweig<br \/>\nXLNT Advanced Technology (NL)<br \/>\nZKM Zentrum f\u00fcr Kunst- und Medientechnologie, Karlsruhe<br \/>\nZ\u00fcrcher Hochschule (CH)<\/p>\n","protected":false},"excerpt":{"rendered":"<p>Since the company was founded, we have already realized many projects, developed products and created special solutions. Here is a selection without any claim to completeness. (in alphabetical order) ALSTOM Deutschland, Salzgitter Altenburg-Gera Theater GmbH, Gera Amptown GmbH, Hamburg Anhaltisches Theater, Dessau Auerbachs Keller Leipzig GmbH Autostadt GmbH, Wolfsburg Bayerische Staatsoper, M\u00fcnchen Bayerisches Staatsschauspiel, M\u00fcnchen [&hellip;]<\/p>\n","protected":false},"author":1,"featured_media":1500,"parent":0,"menu_order":302,"comment_status":"closed","ping_status":"closed","template":"left-sidebar.php","meta":{"_acf_changed":false,"footnotes":""},"class_list":["post-1686","page","type-page","status-publish","has-post-thumbnail","hentry"],"acf":[],"yoast_head":"<!-- This site is optimized with the Yoast SEO plugin v27.3 - https:\/\/yoast.com\/product\/yoast-seo-wordpress\/ -->\n<title>References - Arnold Lichttechnik<\/title>\n<meta name=\"robots\" content=\"index, follow, max-snippet:-1, max-image-preview:large, max-video-preview:-1\" \/>\n<link rel=\"canonical\" href=\"https:\/\/www.arnoldlicht.de\/en\/references\/\" \/>\n<meta property=\"og:locale\" content=\"en_US\" \/>\n<meta property=\"og:type\" content=\"article\" \/>\n<meta property=\"og:title\" content=\"References - Arnold Lichttechnik\" \/>\n<meta property=\"og:description\" content=\"Since the company was founded, we have already realized many projects, developed products and created special solutions. Here is a selection without any claim to completeness. (in alphabetical order) ALSTOM Deutschland, Salzgitter Altenburg-Gera Theater GmbH, Gera Amptown GmbH, Hamburg Anhaltisches Theater, Dessau Auerbachs Keller Leipzig GmbH Autostadt GmbH, Wolfsburg Bayerische Staatsoper, M\u00fcnchen Bayerisches Staatsschauspiel, M\u00fcnchen [&hellip;]\" \/>\n<meta property=\"og:url\" content=\"https:\/\/www.arnoldlicht.de\/en\/references\/\" \/>\n<meta property=\"og:site_name\" content=\"Arnold Lichttechnik\" \/>\n<meta name=\"twitter:card\" content=\"summary_large_image\" \/>\n<meta name=\"twitter:label1\" content=\"Est. reading time\" \/>\n\t<meta name=\"twitter:data1\" content=\"2 minutes\" \/>\n<script type=\"application\/ld+json\" class=\"yoast-schema-graph\">{\"@context\":\"https:\\\/\\\/schema.org\",\"@graph\":[{\"@type\":\"WebPage\",\"@id\":\"https:\\\/\\\/www.arnoldlicht.de\\\/en\\\/references\\\/\",\"url\":\"https:\\\/\\\/www.arnoldlicht.de\\\/en\\\/references\\\/\",\"name\":\"References - Arnold Lichttechnik\",\"isPartOf\":{\"@id\":\"https:\\\/\\\/www.arnoldlicht.de\\\/en\\\/#website\"},\"primaryImageOfPage\":{\"@id\":\"https:\\\/\\\/www.arnoldlicht.de\\\/en\\\/references\\\/#primaryimage\"},\"image\":{\"@id\":\"https:\\\/\\\/www.arnoldlicht.de\\\/en\\\/references\\\/#primaryimage\"},\"thumbnailUrl\":\"https:\\\/\\\/www.arnoldlicht.de\\\/wg_inhalte\\\/uploads\\\/header_referenzen.jpg\",\"datePublished\":\"2026-03-09T13:32:01+00:00\",\"breadcrumb\":{\"@id\":\"https:\\\/\\\/www.arnoldlicht.de\\\/en\\\/references\\\/#breadcrumb\"},\"inLanguage\":\"en-US\",\"potentialAction\":[{\"@type\":\"ReadAction\",\"target\":[\"https:\\\/\\\/www.arnoldlicht.de\\\/en\\\/references\\\/\"]}]},{\"@type\":\"ImageObject\",\"inLanguage\":\"en-US\",\"@id\":\"https:\\\/\\\/www.arnoldlicht.de\\\/en\\\/references\\\/#primaryimage\",\"url\":\"https:\\\/\\\/www.arnoldlicht.de\\\/wg_inhalte\\\/uploads\\\/header_referenzen.jpg\",\"contentUrl\":\"https:\\\/\\\/www.arnoldlicht.de\\\/wg_inhalte\\\/uploads\\\/header_referenzen.jpg\",\"width\":1200,\"height\":438},{\"@type\":\"BreadcrumbList\",\"@id\":\"https:\\\/\\\/www.arnoldlicht.de\\\/en\\\/references\\\/#breadcrumb\",\"itemListElement\":[{\"@type\":\"ListItem\",\"position\":1,\"name\":\"Home\",\"item\":\"https:\\\/\\\/www.arnoldlicht.de\\\/en\\\/\"},{\"@type\":\"ListItem\",\"position\":2,\"name\":\"References\"}]},{\"@type\":\"WebSite\",\"@id\":\"https:\\\/\\\/www.arnoldlicht.de\\\/en\\\/#website\",\"url\":\"https:\\\/\\\/www.arnoldlicht.de\\\/en\\\/\",\"name\":\"Arnold Lichttechnik\",\"description\":\"Eine weitere WordPress-Website\",\"potentialAction\":[{\"@type\":\"SearchAction\",\"target\":{\"@type\":\"EntryPoint\",\"urlTemplate\":\"https:\\\/\\\/www.arnoldlicht.de\\\/en\\\/?s={search_term_string}\"},\"query-input\":{\"@type\":\"PropertyValueSpecification\",\"valueRequired\":true,\"valueName\":\"search_term_string\"}}],\"inLanguage\":\"en-US\"}]}<\/script>\n<!-- \/ Yoast SEO plugin. -->","yoast_head_json":{"title":"References - Arnold Lichttechnik","robots":{"index":"index","follow":"follow","max-snippet":"max-snippet:-1","max-image-preview":"max-image-preview:large","max-video-preview":"max-video-preview:-1"},"canonical":"https:\/\/www.arnoldlicht.de\/en\/references\/","og_locale":"en_US","og_type":"article","og_title":"References - Arnold Lichttechnik","og_description":"Since the company was founded, we have already realized many projects, developed products and created special solutions. Here is a selection without any claim to completeness. (in alphabetical order) ALSTOM Deutschland, Salzgitter Altenburg-Gera Theater GmbH, Gera Amptown GmbH, Hamburg Anhaltisches Theater, Dessau Auerbachs Keller Leipzig GmbH Autostadt GmbH, Wolfsburg Bayerische Staatsoper, M\u00fcnchen Bayerisches Staatsschauspiel, M\u00fcnchen [&hellip;]","og_url":"https:\/\/www.arnoldlicht.de\/en\/references\/","og_site_name":"Arnold Lichttechnik","twitter_card":"summary_large_image","twitter_misc":{"Est. reading time":"2 minutes"},"schema":{"@context":"https:\/\/schema.org","@graph":[{"@type":"WebPage","@id":"https:\/\/www.arnoldlicht.de\/en\/references\/","url":"https:\/\/www.arnoldlicht.de\/en\/references\/","name":"References - Arnold Lichttechnik","isPartOf":{"@id":"https:\/\/www.arnoldlicht.de\/en\/#website"},"primaryImageOfPage":{"@id":"https:\/\/www.arnoldlicht.de\/en\/references\/#primaryimage"},"image":{"@id":"https:\/\/www.arnoldlicht.de\/en\/references\/#primaryimage"},"thumbnailUrl":"https:\/\/www.arnoldlicht.de\/wg_inhalte\/uploads\/header_referenzen.jpg","datePublished":"2026-03-09T13:32:01+00:00","breadcrumb":{"@id":"https:\/\/www.arnoldlicht.de\/en\/references\/#breadcrumb"},"inLanguage":"en-US","potentialAction":[{"@type":"ReadAction","target":["https:\/\/www.arnoldlicht.de\/en\/references\/"]}]},{"@type":"ImageObject","inLanguage":"en-US","@id":"https:\/\/www.arnoldlicht.de\/en\/references\/#primaryimage","url":"https:\/\/www.arnoldlicht.de\/wg_inhalte\/uploads\/header_referenzen.jpg","contentUrl":"https:\/\/www.arnoldlicht.de\/wg_inhalte\/uploads\/header_referenzen.jpg","width":1200,"height":438},{"@type":"BreadcrumbList","@id":"https:\/\/www.arnoldlicht.de\/en\/references\/#breadcrumb","itemListElement":[{"@type":"ListItem","position":1,"name":"Home","item":"https:\/\/www.arnoldlicht.de\/en\/"},{"@type":"ListItem","position":2,"name":"References"}]},{"@type":"WebSite","@id":"https:\/\/www.arnoldlicht.de\/en\/#website","url":"https:\/\/www.arnoldlicht.de\/en\/","name":"Arnold Lichttechnik","description":"Eine weitere WordPress-Website","potentialAction":[{"@type":"SearchAction","target":{"@type":"EntryPoint","urlTemplate":"https:\/\/www.arnoldlicht.de\/en\/?s={search_term_string}"},"query-input":{"@type":"PropertyValueSpecification","valueRequired":true,"valueName":"search_term_string"}}],"inLanguage":"en-US"}]}},"_links":{"self":[{"href":"https:\/\/www.arnoldlicht.de\/en\/wp-json\/wp\/v2\/pages\/1686","targetHints":{"allow":["GET"]}}],"collection":[{"href":"https:\/\/www.arnoldlicht.de\/en\/wp-json\/wp\/v2\/pages"}],"about":[{"href":"https:\/\/www.arnoldlicht.de\/en\/wp-json\/wp\/v2\/types\/page"}],"author":[{"embeddable":true,"href":"https:\/\/www.arnoldlicht.de\/en\/wp-json\/wp\/v2\/users\/1"}],"replies":[{"embeddable":true,"href":"https:\/\/www.arnoldlicht.de\/en\/wp-json\/wp\/v2\/comments?post=1686"}],"version-history":[{"count":0,"href":"https:\/\/www.arnoldlicht.de\/en\/wp-json\/wp\/v2\/pages\/1686\/revisions"}],"wp:featuredmedia":[{"embeddable":true,"href":"https:\/\/www.arnoldlicht.de\/en\/wp-json\/wp\/v2\/media\/1500"}],"wp:attachment":[{"href":"https:\/\/www.arnoldlicht.de\/en\/wp-json\/wp\/v2\/media?parent=1686"}],"curies":[{"name":"wp","href":"https:\/\/api.w.org\/{rel}","templated":true}]}}